{"id":1599,"date":"2023-08-24T08:57:36","date_gmt":"2023-08-24T06:57:36","guid":{"rendered":"https:\/\/sofabistro.pl\/?page_id=1599"},"modified":"2023-08-29T09:53:36","modified_gmt":"2023-08-29T07:53:36","slug":"nachrichten","status":"publish","type":"page","link":"https:\/\/sofabistro.pl\/de\/nachrichten\/","title":{"rendered":"Nachrichten"},"content":{"rendered":"\t\t<div data-elementor-type=\"wp-page\" data-elementor-id=\"1599\" class=\"elementor elementor-1599 elementor-1494\" data-elementor-settings=\"[]\">\n\t\t\t\t\t\t\t<div class=\"elementor-section-wrap\">\n\t\t\t\t\t\t\t<section class=\"elementor-section elementor-top-section elementor-element elementor-element-4a9cc61f elementor-section-full_width elementor-section-height-min-height elementor-section-stretched elementor-section-content-middle elementor-section-height-default elementor-section-items-middle elementor-invisible\" data-id=\"4a9cc61f\" data-element_type=\"section\" data-settings=\"{&quot;stretch_section&quot;:&quot;section-stretched&quot;,&quot;background_background&quot;:&quot;classic&quot;,&quot;animation&quot;:&quot;fadeIn&quot;}\">\n\t\t\t\t\t\t\t<div class=\"elementor-background-overlay\"><\/div>\n\t\t\t\t\t\t\t<div class=\"elementor-container elementor-column-gap-default\">\n\t\t\t\t\t<div class=\"elementor-column elementor-col-100 elementor-top-column elementor-element elementor-element-17d40f7f\" data-id=\"17d40f7f\" data-element_type=\"column\" data-settings=\"{&quot;background_background&quot;:&quot;classic&quot;}\">\n\t\t\t<div class=\"elementor-widget-wrap elementor-element-populated\">\n\t\t\t\t\t\t\t\t<div class=\"elementor-element elementor-element-4da9a788 elementor-widget elementor-widget-heading\" data-id=\"4da9a788\" data-element_type=\"widget\" data-widget_type=\"heading.default\">\n\t\t\t\t<div class=\"elementor-widget-container\">\n\t\t\t<h2 class=\"elementor-heading-title elementor-size-default\">Nachrichten<\/h2>\t\t<\/div>\n\t\t\t\t<\/div>\n\t\t\t\t\t<\/div>\n\t\t<\/div>\n\t\t\t\t\t\t\t<\/div>\n\t\t<\/section>\n\t\t\t\t<section class=\"elementor-section elementor-top-section elementor-element elementor-element-2afd79d elementor-section-boxed elementor-section-height-default elementor-section-height-default\" data-id=\"2afd79d\" data-element_type=\"section\">\n\t\t\t\t\t\t<div class=\"elementor-container elementor-column-gap-default\">\n\t\t\t\t\t<div class=\"elementor-column elementor-col-100 elementor-top-column elementor-element elementor-element-2cb6cb7a\" data-id=\"2cb6cb7a\" data-element_type=\"column\">\n\t\t\t<div class=\"elementor-widget-wrap elementor-element-populated\">\n\t\t\t\t\t\t\t\t<div class=\"elementor-element elementor-element-27bebba6 elementor-widget elementor-widget-ce-posts-grid\" data-id=\"27bebba6\" data-element_type=\"widget\" data-widget_type=\"ce-posts-grid.default\">\n\t\t\t\t<div class=\"elementor-widget-container\">\n\t\t\t\t\t<div class=\"ce-posts-grid ce-post-style-birk\" data-columns=\"3\" data-layout=\"masonry\">\r\n\r\n\t\t\t\t\t\t\t\t\t                        \n<article id=\"ce-post-item-1771\" data-speed=\"300\" class=\"ce-post-item ce-animation ce-animation--top-t-bottom ce-animation-manual post-1771 post type-post status-publish format-standard has-post-thumbnail hentry category-unkategorisiert\" data-delay=\"0\" >\n    <div class=\"grid-holder\"> \n        <div class=\"grid-holder-inner\">  \n            <div class=\"media-wrapper\">\n            \n                                \n                <div class=\"entry-media\">\n                \n                    <div class=\"post-thumbnail\">\n                        \n                        <img decoding=\"async\"   src=\"https:\/\/sofabistro.pl\/wp-content\/uploads\/2023\/10\/300308771_605009167906841_2528801301178773578_n-500x500.jpg\" class=\"attachment-shop_single size-shop_single wp-post-image\" alt=\"\" srcset=\"https:\/\/sofabistro.pl\/wp-content\/uploads\/2023\/10\/300308771_605009167906841_2528801301178773578_n-500x500.jpg 500w, https:\/\/sofabistro.pl\/wp-content\/uploads\/2023\/10\/300308771_605009167906841_2528801301178773578_n-150x150.jpg 150w, https:\/\/sofabistro.pl\/wp-content\/uploads\/2023\/10\/300308771_605009167906841_2528801301178773578_n-300x300.jpg 300w, https:\/\/sofabistro.pl\/wp-content\/uploads\/2023\/10\/300308771_605009167906841_2528801301178773578_n-180x180.jpg 180w\" sizes=\"(max-width: 500px) 100vw, 500px\" \/>\n                        <a href=\"https:\/\/sofabistro.pl\/de\/planen-sie-eine-party-organisieren-sie-es-im-sofa-bistro\/\" class=\"image-link\"><\/a>\n                    \n                    <\/div><!-- .post-thumbnail --> \n\n                <\/div><!-- .entry-media --> \n\n                \n            <\/div>\n            \n            <div class=\"entry-wrapper\">\n\n                <div class=\"entry-wrapper-content\">\n            \n                        <header class=\"entry-header\">\n \n                            <div class=\"entry-meta\">\n\n                                <div class=\"entry-meta-single entry-meta-author\">\n         \n                                    <i class=\"far fa-grin-beam\"><\/i>sofa            \n                                <\/div><!-- .entry-meta-single -->\n\n                                <div class=\"entry-meta-single entry-meta-date\">\n                                    <i class=\"far fa-clock\"><\/i>Okt. 6, 2023                                <\/div><!-- .entry-meta-single -->\n                            <\/div><!-- .entry-meta -->\n\n                            <h2 class=\"entry-title\"><a href=\"https:\/\/sofabistro.pl\/de\/planen-sie-eine-party-organisieren-sie-es-im-sofa-bistro\/\" rel=\"bookmark\">Planen Sie eine Party? Organisieren Sie es im Sofa Bistro!<\/a><\/h2>\n                        <\/header><!-- .entry-header -->\n\n                    <div class=\"entry-content\">\n                        Familienfeier? Geburtstagsparty? Firmenveranstaltung? Oder vielleicht etwas ganz anderes? Im Sofa Bistro organisieren wir f\u00fcr Sie ein unvergessliches Fest mit k\u00f6stlichen [&hellip;]                    <\/div>\n\n                    <div class=\"entry-footer\">\n                                                    <a href=\"https:\/\/sofabistro.pl\/de\/planen-sie-eine-party-organisieren-sie-es-im-sofa-bistro\/\" class=\"entry-readmore\">Continue Reading<\/a>\n                                            <\/div>\n                    \n                    \n                <\/div><!-- .entry-wrapper-content -->\n\n            <\/div><!-- .entry-wrapper -->\n        <\/div>\n    <\/div>\n<\/article><!-- #post-## -->\n                    \t\t\t\t\t\t                        \n<article id=\"ce-post-item-1590\" data-speed=\"300\" class=\"ce-post-item ce-animation ce-animation--top-t-bottom ce-animation-manual post-1590 post type-post status-publish format-standard has-post-thumbnail hentry category-unkategorisiert\" data-delay=\"0\" >\n    <div class=\"grid-holder\"> \n        <div class=\"grid-holder-inner\">  \n            <div class=\"media-wrapper\">\n            \n                                \n                <div class=\"entry-media\">\n                \n                    <div class=\"post-thumbnail\">\n                        \n                        <img decoding=\"async\"   src=\"https:\/\/sofabistro.pl\/wp-content\/uploads\/2023\/08\/D14EF76C-BF7A-414E-9CA7-3C65E9B00241-500x500.jpeg\" class=\"attachment-shop_single size-shop_single wp-post-image\" alt=\"\" srcset=\"https:\/\/sofabistro.pl\/wp-content\/uploads\/2023\/08\/D14EF76C-BF7A-414E-9CA7-3C65E9B00241-500x500.jpeg 500w, https:\/\/sofabistro.pl\/wp-content\/uploads\/2023\/08\/D14EF76C-BF7A-414E-9CA7-3C65E9B00241-150x150.jpeg 150w, https:\/\/sofabistro.pl\/wp-content\/uploads\/2023\/08\/D14EF76C-BF7A-414E-9CA7-3C65E9B00241-300x300.jpeg 300w, https:\/\/sofabistro.pl\/wp-content\/uploads\/2023\/08\/D14EF76C-BF7A-414E-9CA7-3C65E9B00241-180x180.jpeg 180w\" sizes=\"(max-width: 500px) 100vw, 500px\" \/>\n                        <a href=\"https:\/\/sofabistro.pl\/de\/willkommen-bei-unserem-instacorner\/\" class=\"image-link\"><\/a>\n                    \n                    <\/div><!-- .post-thumbnail --> \n\n                <\/div><!-- .entry-media --> \n\n                \n            <\/div>\n            \n            <div class=\"entry-wrapper\">\n\n                <div class=\"entry-wrapper-content\">\n            \n                        <header class=\"entry-header\">\n \n                            <div class=\"entry-meta\">\n\n                                <div class=\"entry-meta-single entry-meta-author\">\n         \n                                    <i class=\"far fa-grin-beam\"><\/i>sofa            \n                                <\/div><!-- .entry-meta-single -->\n\n                                <div class=\"entry-meta-single entry-meta-date\">\n                                    <i class=\"far fa-clock\"><\/i>Aug. 29, 2023                                <\/div><!-- .entry-meta-single -->\n                            <\/div><!-- .entry-meta -->\n\n                            <h2 class=\"entry-title\"><a href=\"https:\/\/sofabistro.pl\/de\/willkommen-bei-unserem-instacorner\/\" rel=\"bookmark\">Willkommen bei unserem Instacorner!<\/a><\/h2>\n                        <\/header><!-- .entry-header -->\n\n                    <div class=\"entry-content\">\n                        Kisses from SOFA \ud83d\udc8b Wer hat Lust auf ein leckeres Abendessen beim Sofa Bistro? &nbsp; Wenn Sie nach k\u00f6stlichen kulinarischen [&hellip;]                    <\/div>\n\n                    <div class=\"entry-footer\">\n                                                    <a href=\"https:\/\/sofabistro.pl\/de\/willkommen-bei-unserem-instacorner\/\" class=\"entry-readmore\">Continue Reading<\/a>\n                                            <\/div>\n                    \n                    \n                <\/div><!-- .entry-wrapper-content -->\n\n            <\/div><!-- .entry-wrapper -->\n        <\/div>\n    <\/div>\n<\/article><!-- #post-## -->\n                                                    \t\t\t\r\n\t\t<\/div>\r\n\t\t\t\t<\/div>\n\t\t\t\t<\/div>\n\t\t\t\t\t<\/div>\n\t\t<\/div>\n\t\t\t\t\t\t\t<\/div>\n\t\t<\/section>\n\t\t\t\t\t\t<\/div>\n\t\t\t\t\t<\/div>\n\t\t","protected":false},"excerpt":{"rendered":"<p>Nachrichten sofa sie 29, 2023 Pfifferlingsmen\u00fc im Sofa Bistro Die Pfifferlingssaison ist offiziell er\u00f6ffnet!&nbsp; Unser K\u00fcchenchef hat f\u00fcr Sie zwei [&hellip;]<\/p>\n","protected":false},"author":1,"featured_media":1313,"parent":0,"menu_order":0,"comment_status":"closed","ping_status":"closed","template":"","meta":{"footnotes":""},"class_list":["post-1599","page","type-page","status-publish","has-post-thumbnail","hentry"],"_links":{"self":[{"href":"https:\/\/sofabistro.pl\/de\/wp-json\/wp\/v2\/pages\/1599","targetHints":{"allow":["GET"]}}],"collection":[{"href":"https:\/\/sofabistro.pl\/de\/wp-json\/wp\/v2\/pages"}],"about":[{"href":"https:\/\/sofabistro.pl\/de\/wp-json\/wp\/v2\/types\/page"}],"author":[{"embeddable":true,"href":"https:\/\/sofabistro.pl\/de\/wp-json\/wp\/v2\/users\/1"}],"replies":[{"embeddable":true,"href":"https:\/\/sofabistro.pl\/de\/wp-json\/wp\/v2\/comments?post=1599"}],"version-history":[{"count":4,"href":"https:\/\/sofabistro.pl\/de\/wp-json\/wp\/v2\/pages\/1599\/revisions"}],"predecessor-version":[{"id":1604,"href":"https:\/\/sofabistro.pl\/de\/wp-json\/wp\/v2\/pages\/1599\/revisions\/1604"}],"wp:featuredmedia":[{"embeddable":true,"href":"https:\/\/sofabistro.pl\/de\/wp-json\/wp\/v2\/media\/1313"}],"wp:attachment":[{"href":"https:\/\/sofabistro.pl\/de\/wp-json\/wp\/v2\/media?parent=1599"}],"curies":[{"name":"wp","href":"https:\/\/api.w.org\/{rel}","templated":true}]}}