{"id":1441,"date":"2021-02-18T13:44:53","date_gmt":"2021-02-18T12:44:53","guid":{"rendered":"https:\/\/sofabistro.pl\/kontakt\/"},"modified":"2023-07-14T12:07:00","modified_gmt":"2023-07-14T10:07:00","slug":"kontakt","status":"publish","type":"page","link":"https:\/\/sofabistro.pl\/de\/kontakt\/","title":{"rendered":"Kontakt"},"content":{"rendered":"\t\t<div data-elementor-type=\"wp-page\" data-elementor-id=\"1441\" class=\"elementor elementor-1441 elementor-42\" data-elementor-settings=\"[]\">\n\t\t\t\t\t\t\t<div class=\"elementor-section-wrap\">\n\t\t\t\t\t\t\t<section class=\"elementor-section elementor-top-section elementor-element elementor-element-c0a2bb6 elementor-section-boxed elementor-section-height-default elementor-section-height-default\" data-id=\"c0a2bb6\" data-element_type=\"section\" data-settings=\"{&quot;background_background&quot;:&quot;classic&quot;}\">\n\t\t\t\t\t\t<div class=\"elementor-container elementor-column-gap-default\">\n\t\t\t\t\t<div class=\"elementor-column elementor-col-100 elementor-top-column elementor-element elementor-element-7e4af8bf\" data-id=\"7e4af8bf\" data-element_type=\"column\">\n\t\t\t<div class=\"elementor-widget-wrap elementor-element-populated\">\n\t\t\t\t\t\t\t\t<div class=\"elementor-element elementor-element-32921f54 elementor-widget elementor-widget-heading\" data-id=\"32921f54\" data-element_type=\"widget\" data-widget_type=\"heading.default\">\n\t\t\t\t<div class=\"elementor-widget-container\">\n\t\t\t<h3 class=\"elementor-heading-title elementor-size-default\">Sofa Bistro - Wir sind zu Ihren Diensten<\/h3>\t\t<\/div>\n\t\t\t\t<\/div>\n\t\t\t\t<section class=\"elementor-section elementor-inner-section elementor-element elementor-element-93c2c37 elementor-section-boxed elementor-section-height-default elementor-section-height-default\" data-id=\"93c2c37\" data-element_type=\"section\">\n\t\t\t\t\t\t<div class=\"elementor-container elementor-column-gap-default\">\n\t\t\t\t\t<div class=\"elementor-column elementor-col-50 elementor-inner-column elementor-element elementor-element-54bb54b\" data-id=\"54bb54b\" data-element_type=\"column\">\n\t\t\t<div class=\"elementor-widget-wrap elementor-element-populated\">\n\t\t\t\t\t\t\t\t<div class=\"elementor-element elementor-element-5fabed9b elementor-widget elementor-widget-heading\" data-id=\"5fabed9b\" data-element_type=\"widget\" data-widget_type=\"heading.default\">\n\t\t\t\t<div class=\"elementor-widget-container\">\n\t\t\t<div class=\"elementor-heading-title elementor-size-default\"><strong>Kontakt<\/strong><br>\n<p align=\"center\" style=\"line-height: 19.2pt; background-image: initial; background-position: initial; background-size: initial; background-repeat: initial; background-attachment: initial; background-origin: initial; background-clip: initial;\"><b><span style=\"font-size: 13.5pt; font-family: Prata, serif;\">Sofa Bistro \u015awinouj\u015bcie<br>\n<\/span><\/b><span style=\"font-size: 13.5pt; font-family: Prata, serif;\">Uzdrowiskowa 48A<br>\n72-600 Swinem\u00fcnde<br>\nTel. <b><a href=\"tel:+48 514 211 868\">+48 514 211 868<\/a><\/b><br>\nE-mail:<b> <a href=\"mailto:sofa@baltichome.pl\">sofa@baltichome.pl<\/a><\/b><\/span><\/p><p align=\"center\"><span style=\"font-size: 13.5pt; line-height: 107%; font-family: Prata, serif;\">\u00d6ffnungszeiten <br>Fr\u00fchst\u00fcck 7:30 - 11:00 Uhr\n<br>Coffee Bar und Coctail Bar 12:00 - 22:00 Uhr<br>Restaurant 13:00 - 21:00 Uhr<\/span><\/p><\/div>\t\t<\/div>\n\t\t\t\t<\/div>\n\t\t\t\t\t<\/div>\n\t\t<\/div>\n\t\t\t\t<div class=\"elementor-column elementor-col-50 elementor-inner-column elementor-element elementor-element-5a5e573\" data-id=\"5a5e573\" data-element_type=\"column\">\n\t\t\t<div class=\"elementor-widget-wrap elementor-element-populated\">\n\t\t\t\t\t\t\t\t<div class=\"elementor-element elementor-element-bd2b913 elementor-widget elementor-widget-image\" data-id=\"bd2b913\" data-element_type=\"widget\" data-widget_type=\"image.default\">\n\t\t\t\t<div class=\"elementor-widget-container\">\n\t\t\t\t\t\t\t\t\t\t\t\t\t\t\t<img loading=\"lazy\" decoding=\"async\" width=\"1024\" height=\"683\" src=\"https:\/\/sofabistro.pl\/wp-content\/uploads\/2023\/06\/EA7BFE80-1220-4417-B981-54A610451883-1024x683.jpeg\" class=\"attachment-large size-large\" alt=\"\" srcset=\"https:\/\/sofabistro.pl\/wp-content\/uploads\/2023\/06\/EA7BFE80-1220-4417-B981-54A610451883-1024x683.jpeg 1024w, https:\/\/sofabistro.pl\/wp-content\/uploads\/2023\/06\/EA7BFE80-1220-4417-B981-54A610451883-300x200.jpeg 300w, https:\/\/sofabistro.pl\/wp-content\/uploads\/2023\/06\/EA7BFE80-1220-4417-B981-54A610451883-768x512.jpeg 768w, https:\/\/sofabistro.pl\/wp-content\/uploads\/2023\/06\/EA7BFE80-1220-4417-B981-54A610451883-1536x1024.jpeg 1536w, https:\/\/sofabistro.pl\/wp-content\/uploads\/2023\/06\/EA7BFE80-1220-4417-B981-54A610451883-2048x1365.jpeg 2048w\" sizes=\"auto, (max-width: 1024px) 100vw, 1024px\" \/>\t\t\t\t\t\t\t\t\t\t\t\t\t\t\t<\/div>\n\t\t\t\t<\/div>\n\t\t\t\t<div class=\"elementor-element elementor-element-39bf831d elementor-widget elementor-widget-shortcode\" data-id=\"39bf831d\" data-element_type=\"widget\" data-widget_type=\"shortcode.default\">\n\t\t\t\t<div class=\"elementor-widget-container\">\n\t\t\t\t\t<div class=\"elementor-shortcode\"><\/div>\n\t\t\t\t<\/div>\n\t\t\t\t<\/div>\n\t\t\t\t\t<\/div>\n\t\t<\/div>\n\t\t\t\t\t\t\t<\/div>\n\t\t<\/section>\n\t\t\t\t\t<\/div>\n\t\t<\/div>\n\t\t\t\t\t\t\t<\/div>\n\t\t<\/section>\n\t\t\t\t<section class=\"elementor-section elementor-top-section elementor-element elementor-element-f58bb62 elementor-section-boxed elementor-section-height-default elementor-section-height-default\" data-id=\"f58bb62\" data-element_type=\"section\">\n\t\t\t\t\t\t<div class=\"elementor-container elementor-column-gap-default\">\n\t\t\t\t\t<div class=\"elementor-column elementor-col-100 elementor-top-column elementor-element elementor-element-06daf8c\" data-id=\"06daf8c\" data-element_type=\"column\">\n\t\t\t<div class=\"elementor-widget-wrap elementor-element-populated\">\n\t\t\t\t\t\t\t\t<div class=\"elementor-element elementor-element-3501f78 elementor-widget elementor-widget-google_maps\" data-id=\"3501f78\" data-element_type=\"widget\" data-widget_type=\"google_maps.default\">\n\t\t\t\t<div class=\"elementor-widget-container\">\n\t\t\t\t\t<div class=\"elementor-custom-embed\">\n\t\t\t<iframe frameborder=\"0\" scrolling=\"no\" marginheight=\"0\" marginwidth=\"0\" src=\"https:\/\/maps.google.com\/maps?q=sofa%20bistro&amp;t=m&amp;z=16&amp;output=embed&amp;iwloc=near\" title=\"%3$s\" aria-label=\"%3$s\"><\/iframe>\n\t\t<\/div>\n\t\t\t\t<\/div>\n\t\t\t\t<\/div>\n\t\t\t\t\t<\/div>\n\t\t<\/div>\n\t\t\t\t\t\t\t<\/div>\n\t\t<\/section>\n\t\t\t\t\t\t<\/div>\n\t\t\t\t\t<\/div>\n\t\t","protected":false},"excerpt":{"rendered":"<p>Sofa Bistro &#8211; Wir sind zu Ihren Diensten Kontakt Sofa Bistro \u015awinouj\u015bcie Uzdrowiskowa 48A 72-600 Swinem\u00fcnde Tel. +48 514 211 868 E-mail: sofa@baltichome.pl \u00d6ffnungszeiten Fr\u00fchst\u00fcck 7:30 &#8211; 11:00 Uhr Coffee [&hellip;]<\/p>\n","protected":false},"author":1,"featured_media":0,"parent":0,"menu_order":0,"comment_status":"closed","ping_status":"closed","template":"","meta":{"footnotes":""},"class_list":["post-1441","page","type-page","status-publish","hentry"],"_links":{"self":[{"href":"https:\/\/sofabistro.pl\/de\/wp-json\/wp\/v2\/pages\/1441","targetHints":{"allow":["GET"]}}],"collection":[{"href":"https:\/\/sofabistro.pl\/de\/wp-json\/wp\/v2\/pages"}],"about":[{"href":"https:\/\/sofabistro.pl\/de\/wp-json\/wp\/v2\/types\/page"}],"author":[{"embeddable":true,"href":"https:\/\/sofabistro.pl\/de\/wp-json\/wp\/v2\/users\/1"}],"replies":[{"embeddable":true,"href":"https:\/\/sofabistro.pl\/de\/wp-json\/wp\/v2\/comments?post=1441"}],"version-history":[{"count":3,"href":"https:\/\/sofabistro.pl\/de\/wp-json\/wp\/v2\/pages\/1441\/revisions"}],"predecessor-version":[{"id":1444,"href":"https:\/\/sofabistro.pl\/de\/wp-json\/wp\/v2\/pages\/1441\/revisions\/1444"}],"wp:attachment":[{"href":"https:\/\/sofabistro.pl\/de\/wp-json\/wp\/v2\/media?parent=1441"}],"curies":[{"name":"wp","href":"https:\/\/api.w.org\/{rel}","templated":true}]}}